{"id":1963,"date":"2026-01-31T21:04:03","date_gmt":"2026-01-31T20:04:03","guid":{"rendered":"https:\/\/biosfaehre.de\/?page_id=1963"},"modified":"2026-01-31T21:06:40","modified_gmt":"2026-01-31T20:06:40","slug":"datenschutzbereinbarung","status":"publish","type":"page","link":"https:\/\/biosfaehre.de\/?page_id=1963","title":{"rendered":"Datenschutzbereinbarung"},"content":{"rendered":"\t\t<div data-elementor-type=\"wp-page\" data-elementor-id=\"1963\" class=\"elementor elementor-1963\" data-elementor-post-type=\"page\">\n\t\t\t\t\t\t<section class=\"elementor-section elementor-top-section elementor-element elementor-element-91acea9 elementor-section-boxed elementor-section-height-default elementor-section-height-default\" data-id=\"91acea9\" data-element_type=\"section\" data-e-type=\"section\">\n\t\t\t\t\t\t<div class=\"elementor-container elementor-column-gap-default\">\n\t\t\t\t\t<div class=\"elementor-column elementor-col-100 elementor-top-column elementor-element elementor-element-239d2ce\" data-id=\"239d2ce\" data-element_type=\"column\" data-e-type=\"column\">\n\t\t\t<div class=\"elementor-widget-wrap elementor-element-populated\">\n\t\t\t\t\t\t<div class=\"elementor-element elementor-element-c4dd8a6 elementor-widget elementor-widget-heading\" data-id=\"c4dd8a6\" data-element_type=\"widget\" data-e-type=\"widget\" data-widget_type=\"heading.default\">\n\t\t\t\t<div class=\"elementor-widget-container\">\n\t\t\t\t\t<h2 class=\"elementor-heading-title elementor-size-default\">Datenschutzvereinbarung<\/h2>\t\t\t\t<\/div>\n\t\t\t\t<\/div>\n\t\t\t\t<div class=\"elementor-element elementor-element-f66eb89 elementor-widget elementor-widget-text-editor\" data-id=\"f66eb89\" data-element_type=\"widget\" data-e-type=\"widget\" data-widget_type=\"text-editor.default\">\n\t\t\t\t<div class=\"elementor-widget-container\">\n\t\t\t\t\t\t\t\t\t<div class=\"page-content\"><p>Datenschutzerkl\u00e4rung nach Art. 13 EU-DSGVO<\/p><p>Wir freuen uns \u00fcber Ihr Interesse an gesunder Ern\u00e4hrung und an unserem Internetauftritt. Das Vertrauen aller Besucher und Kunden, die Sicherheit Ihrer Daten und der Schutz Ihrer Privatsph\u00e4re sind f\u00fcr uns von zentraler Bedeutung.<br \/><br \/>Ihre personenbezogenen Daten werden von uns daher gem\u00e4\u00df den g\u00fcltigen gesetzlichen Datenschutzvorschriften und dieser Datenschutzerkl\u00e4rung behandelt. Personenbezogene Daten sind Informationen, die dazu genutzt werden k\u00f6nnen, um Ihre Identit\u00e4t zu erfahren. Typische personenbezogene Daten sind u.a. Name, Vorname, Adresse, Telefonnummer, IP-Adresse, Cookies und E-Mail-Adresse.<br \/><br \/>Wenn Sie unsere Webseite ansehen und benutzen oder uns anderweitig ausdr\u00fccklich Informationen \u00fcbermitteln, verarbeiten wir die Daten, die uns mit jeder Anfrage Ihres Browsers automatisch \u00fcbermittelt werden (siehe dazu den Abschnitt \u201eProtokoll-Daten\u201c). Sofern Sie uns freiwillig personenbezogene Daten \u00fcbermitteln, erfolgt die Verarbeitung ausschlie\u00dflich zweckgebunden an die Anfrage bzw. den jeweiligen Auftrag. Wir weisen Sie darauf hin, dass eine Daten\u00fcbertragung im Internet nie vollst\u00e4ndig gegen einen Zugriff durch Dritte gesch\u00fctzt werden kann.<br \/><br \/>Nachfolgend m\u00f6chten wir Ihnen in den einzelnen Abschnitten n\u00e4her erl\u00e4utern, welche Daten wir wann und zu welchem Zweck verarbeiten. Es wird erkl\u00e4rt, wie unsere angebotenen Dienste arbeiten und wie hierbei der Schutz Ihrer personenbezogenen Daten gew\u00e4hrleistet wird.<\/p><p>Kontaktaufnahme<\/p><p>Bei der Kontaktaufnahme mit uns (z.B. per Kontaktformular, E-Mail, Telefon oder via sozialer Medien) werden Ihre Angaben zur Bearbeitung der Kontaktanfrage und deren Abwicklung gem. Art. 6 Abs. 1 lit. b) DSGVO (sogenannte vorvertragliche Ma\u00dfnahme) verarbeitet. Wir l\u00f6schen die Anfragen, sofern diese nicht mehr erforderlich sind. Wir \u00fcberpr\u00fcfen diese Erforderlichkeit alle zwei Jahre. Ferner gelten die gesetzlichen Archivierungspflichten.<\/p><p>Name und Anschrift des Verantwortlichen:<\/p><p>Der Verantwortliche im Sinne der EU-Datenschutz-Grundverordnung sowie sonstiger datenschutzrechtlicher Bestimmungen ist:<br \/><br \/>Bio\u00b4s F\u00e4hre GmbH iG<br \/>Herzbergerstr.1<br \/>04319 Leipzig<br \/>E-Mail: E-Mail: anthony@biosfaehre.de<\/p><p>Ihre Rechte<\/p><p>Sie haben ein Recht auf unentgeltliche Auskunft \u00fcber die bei uns zu Ihrer Person gespeicherten Daten sowie ggf. ein Recht auf Berichtigung, Einschr\u00e4nkung der Verarbeitung oder L\u00f6schung dieser Daten. Ebenfalls haben Sie das Recht auf Daten\u00fcbertragbarkeit. Schlie\u00dflich haben Sie auch das Recht, sich \u00fcber die Verarbeitung Ihrer pers\u00f6nlichen Daten durch uns bei der Datenschutz-Aufsichtsbeh\u00f6rde zu beschweren.<\/p><p>Widerspruchsrecht<\/p><p>Wir weisen Sie zudem darauf hin, dass Sie der k\u00fcnftigen Verarbeitung Ihrer personenbezogenen Daten entsprechend den gesetzlichen Vorgaben gem. Art. 21 DSGVO zu jeder Zeit widersprechen k\u00f6nnen. Der Widerspruch kann insbesondere gegen die Verarbeitung f\u00fcr Zwecke der Direktwerbung erfolgen.<\/p><p>Recht auf Erteilung von Ausk\u00fcnften<\/p><p>Bei Fragen zur Erhebung, Verarbeitung oder Nutzung Ihrer personenbezogenen Daten, f\u00fcr Ausk\u00fcnfte, f\u00fcr die Berichtigung, Sperrung oder L\u00f6schung von Daten sowie zum Widerruf ggf. erteilter Einwilligungen oder zum Widerspruch gegen eine bestimmte Datenverwendung wenden Sie sich bitte unter Verwendung der folgenden E-Mail-Adresse an uns:<br \/><br \/>E-Mail: anthony@biosfaehre.de<\/p><p>Datenl\u00f6schung und Speicherdauer<\/p><p>Personenbezogene Daten werden gel\u00f6scht sobald der Zweck der Speicherung entf\u00e4llt. Eine Speicherung kann dar\u00fcber hinaus erfolgen, wenn dies durch europ\u00e4ische oder nationale Gesetze oder sonstigen Vorschriften, denen der Verantwortliche unterliegt, vorgesehen wurde.<\/p><p>Verschl\u00fcsselung durch SSL \/ TLS<\/p><p>Aus Sicherheitsgr\u00fcnden benutzt unsere Webseite eine SSL bzw. TLS-Verschl\u00fcsselung. Damit werden \u00fcbertragene Daten gesch\u00fctzt und k\u00f6nnen nicht von Dritten gelesen werden. Sie k\u00f6nnen eine erfolgreiche Verschl\u00fcsselung daran erkennen, dass sich die Protokollbezeichnung im der Statusleiste des Browsers von \u201ehttp:\/\/\u201c in \u201ehttps:\/\/\u201c \u00e4ndert und dass dort ein geschlossenes Schloss-Symbol sichtbar ist.<\/p><p>Protokoll-Daten<\/p><p>Der Anbieter der Internetdienste (Provider) erhebt automatisiert \u201eProtokoll-Daten\u201c in Server-Logfiles.<br \/>Die Protokoll-Daten umfassen folgende Informationen:<\/p><ul class=\"wp-block-list\"><li>\u2022 Datum und Uhrzeit der jeweiligen Anfrage<\/li><li>\u2022 Internetadresse (URL), die angefragt wurde<\/li><li>\u2022 URL, die der Besucher unmittelbar zuvor besucht hat (Referrer)<\/li><li>\u2022 Verwendeter Browser und Sprache<\/li><li>\u2022 Verwendetes Betriebssystem<\/li><li>\u2022 IP-Adresse und Hostname des Besuchers<\/li><li>\u2022 Zugriffsstatus \/ http-Statuscode<\/li><li>\u2022 jeweils \u00fcbertragene Datenmenge<\/li><\/ul><p><br \/><br \/>Die \u00dcbermittlung dieser Daten an uns erfolgt automatisch und diese Daten k\u00f6nnen Ihrer Person mit verh\u00e4ltnism\u00e4\u00dfigem Aufwand nicht zugeordnet werden.<\/p><p>Rechtsgrundlage<\/p><p>Die Rechtsgrundlage der Verarbeitung dieser Daten ist unser berechtigtes Interesse gem\u00e4\u00df Art. 6 Absatz 1 Satz 1 lit. f DSGVO.<br \/><br \/>Die Protokollierung dient der Zugriffskontrolle und \u00dcberwachung der technischen Prozesse und deren Optimierung. Dar\u00fcber hinaus dienen diese Daten gem. \u00a7 76 BDSG zur Pr\u00fcfung der Verarbeitungsprozesse unter datenschutzrechtlichen Aspekten.<br \/><br \/>Eine Weitergabe an Dritte, au\u00dfer an Strafverfolgungsbeh\u00f6rden nach richterlicher Anordnung im Anlassfall, erfolgt nicht.<br \/><br \/>Die Daten werden gel\u00f6scht, sobald sie f\u00fcr die Erreichung des Zweckes ihrer Erhebung nicht mehr erforderlich sind, bzw. nach Erreichung der gesetzlich vorgegebenen L\u00f6schfrist.<br \/><br \/>Es besteht folglich seitens des Nutzers keine Widerspruchsm\u00f6glichkeit.<\/p><p>Google-Webfonts<\/p><p>Wir verwenden Google Web-Fonts. Alle Schriftarten werden lokal geladen. Es werden keine personenbezogenen Daten bei Verwendung vorgenannter Schriftarten an Dritte weitergeleitet.<\/p><p>Verlinkung<\/p><p>Auf dieser Website k\u00f6nnen sich Links zu von anderen Unternehmen betriebenen Websites befinden. Wenn Sie derartigen links folgen k\u00f6nnen Sie auf cookies sto\u00dfen, die nicht unserem Einflussbereich unterliegen. Daf\u00fcr k\u00f6nnen wir keine Haftung \u00fcbernehmen und wir verweisen auf die Datenschutzbestimmungen bzw. Cookie-Richtlinien der jeweiligen Websites.<\/p><p>Neukundenregistrierung<\/p><p>Der Bezug von Waren \u00fcber unseren Shop ist nur f\u00fcr registrierte Kunden m\u00f6glich. Unter dem Men\u00fcpunkt \u201eJetzt registrieren!\u201c haben Sie die M\u00f6glichkeit sich f\u00fcr den Bezug von Waren, gem\u00e4\u00df unserer Allgemeinen Gesch\u00e4ftsbedingungen, zu registrieren. Die im Rahmen der Registrierung, mit ihrer Einwilligung, erhobenen personenbezogenen Daten werden zur Abwicklung des Bestellvorganges sowie f\u00fcr die Verrechnung ben\u00f6tigt und als pers\u00f6nliches Profil gespeichert. Somit ist es m\u00f6glich sich bei einem neuerlichen Besuch von lieferkiste.leckerer-lieferservice.de durch Eingabe der Zugangsdaten, anzumelden.<br \/><br \/>Im Zuge der Registrierung, sowie im Zuge des weiteren Bestellvorganges, werden folgende Datenkategorien verarbeitet:<\/p><ul class=\"wp-block-list\"><li>\u2022 Kundendaten<\/li><li>\u2022 Kontaktdaten<\/li><li>\u2022 Benutzerdaten<\/li><li>\u2022 Bestelldaten<\/li><\/ul><p><br \/><br \/><strong>Rechtsgrundlage<\/strong><br \/>Die Verarbeitung dieser Daten im Zuge der Registrierung und des Bestellvorganges erfolgt auf Grundlage einer Einwilligung gem. gem. Art. 6 Abs. 1 lit. a sowie gem. Art. 6, Abs 1 lit b DSGVO.<\/p><p>Newsletter<\/p><p>\u00dcber die in diesem Abschnitt zur Verf\u00fcgung gestellten Informationen kl\u00e4ren wir Sie dar\u00fcber auf, wie die Anmeldung, der Versand sowie die Auswertung und die Inhalte unseres E-Mail- Newsletters ausgestaltet sind.<br \/><br \/>Wenn Sie unseren E-Mail-Newsletter abonnieren und regelm\u00e4\u00dfig lesen m\u00f6chten, dann ist Ihre Registrierung mit einer g\u00fcltigen E-Mail-Adresse und damit eine Einwilligung Ihrerseits in die Verarbeitung Ihrer personenbezogenen Daten durch uns erforderlich. Beachten Sie hierzu die Einwilligungserkl\u00e4rung auf dem Formular zur Registrierung f\u00fcr den Newsletter.<br \/><br \/>Vor Versand des Newsletters m\u00fcssen Sie uns im Rahmen des sogenannten Double-Opt-In- Verfahrens ausdr\u00fccklich best\u00e4tigen, dass wir f\u00fcr Sie den E-Mail-Newsletter-Dienst aktivieren sollen. Dies tun wir, um zu vermeiden, dass fremde E-Mail-Adressen f\u00fcr Anmeldungen genutzt werden. Dazu erhalten Sie von uns eine Best\u00e4tigungs- und Autorisierungs-E-Mail, mit der wir Sie bitten, den in dieser E-Mail enthaltenen Link anzuklicken und uns damit zu best\u00e4tigen, dass Sie unseren Newsletter erhalten m\u00f6chten. Erfolgt keine Best\u00e4tigung Ihrerseits, werden Ihre personenbezogenen Daten nach Ablauf einer kurzen Wartezeit gel\u00f6scht.<br \/><br \/>Im Zusammenhang mit der Anmeldung werden neben der E-Mail-Adresse auch der Anmeldezeitpunkt, der Best\u00e4tigungszeitpunkt, die IP-Adresse sowie der Einwilligungstext gespeichert und wir benutzen die E-Mail-Adresse ausschlie\u00dflich f\u00fcr die Zustellung des Newsletters sofern Sie einer anderen Benutzung nicht ausdr\u00fccklich zugestimmt haben.<br \/><br \/>\u00dcber kleine, \u201eunsichtbare\u201c Dateien (Beacons), die mit dem Newsletter versandt werden, k\u00f6nnen verschiedene Auswertungen zur Verbesserung unserer Angebote erfolgen. Dabei werden IP-Adresse, Browser sowie Zeitpunkt des Abrufs und der \u00d6ffnung des Newsletters und das Klickverhalten auf im Newsletter enthaltene Links erfasst und statistisch ausgewertet.<br \/><br \/>F\u00fcr den Versand unseres Newsletters nutzen wir die Dienste der rapidmail GmbH, Augustinerplatz 2, 79098 Freiburg i.Br., Deutschland.<br \/><br \/>Wir haben zum Schutz Ihrer personenbezogenen Daten mit rapidmail einen Vertrag zur Auftragsverarbeitung gem\u00e4\u00df Art. 28 DSGVO abgeschlossen.<br \/><br \/>Die Datenschutzbestimmungen des Versanddienstleister k\u00f6nnen Sie unter https:\/\/www.rapidmail.de\/datenschutz einsehen.<br \/><br \/>Sie k\u00f6nnen den Empfang durch Widerruf ihrer Einwilligung k\u00fcndigen. Eine Abmeldung von dem Newsletter ist so jederzeit m\u00f6glich. Bitte verwenden Sie daf\u00fcr den vorgesehenen Link im Newsletter oder senden Sie uns eine entsprechende E-Mail-Nachricht an folgende Adresse: info@leckerer-lieferservice.de. Ein separater Widerruf des Versandes oder Auswertung des Nutzerverhaltens ist leider nicht m\u00f6glich.<br \/><br \/><strong>Rechtsgrundlage<\/strong><br \/>Der Versand des Newsletters erfolgt auf Grundlage einer Einwilligung der Empf\u00e4nger gem. Art. 6 Abs. 1 lit. a, Art. 7 DSGVO i.V.m \u00a7 7 Abs. 2 Nr. 3 UWG. Die Analyse der \u00d6ffnungs- und Klickraten erfolgt auf Grundlage unseres berechtigten Interesses gem. Art. 6 Abs. 1 lit. f DSGVO. Unser Interesse ist es, m\u00f6glichst passende Angebote f\u00fcr unsere Nutzer zu erstellen und dies durch die Analyse des Nutzerverhaltens zu erreichen sowie fortlaufend zu optimieren.<\/p><p>Cookies<\/p><p>Um den Besuch unserer Webseite attraktiv zu gestalten und die Nutzung bestimmter Funktionen zu erm\u00f6glichen, verwenden wir sogenannte Cookies. Hierbei handelt es sich um kleine Textdateien, die auf Ihrem Endger\u00e4t gespeichert werden und bestimmte Informationen zum Austausch mit unserem System speichern.<\/p><p>Cookie-Arten<\/p><p>Cookies von Erstanbietern \u2013 Notwendige Cookies<br \/>Diese werden von unserer Website generiert und sind f\u00fcr den fehlerfreien Betrieb der Anwendung notwendig. Diese Cookies werden auch Session-Cookies bzw. transient genannt und werden nach Beendigung der Browser-Sitzung, also nach dem Schlie\u00dfen des Browsers, automatisch gel\u00f6scht. Ohne diese Cookies ist der fehlerfreie Betrieb der Website nicht gew\u00e4hrleistet.<br \/><br \/>Diese Website verwendet ausschlie\u00dflich Erstanbieter-Cookies.<br \/><strong>Rechtsgrundlage<\/strong>\u00a0Rechtsgrundlage der Verarbeitung dieser Daten ist Art. 6 Absatz 1 Satz 1 lit. f DSGVO.<\/p><p>Cookies von Drittanbietern<\/p><p>Es werden keine cookies von Drittanbietern verwendet.<\/p><p>Cookies deaktivieren<\/p><p>Bitte beachten Sie, dass bestimmte Cookies bereits gesetzt werden, sobald Sie unsere Webseite betreten.<br \/>Sie k\u00f6nnen Ihren Browser so einstellen, dass Sie \u00fcber das Setzen von Cookies informiert werden und einzeln \u00fcber deren Annahme entscheiden oder die Annahme von Cookies f\u00fcr bestimmte F\u00e4lle, insbesondere Cookies von Drittanbietern (Third Party Cookies) oder generell ausschlie\u00dfen k\u00f6nnen. Bei Nichtannahme von Cookies kann die Funktionalit\u00e4t unserer Webseite f\u00fcr Sie eingeschr\u00e4nkt sein.<\/p><\/div><p>\u00a0<\/p>\t\t\t\t\t\t\t\t<\/div>\n\t\t\t\t<\/div>\n\t\t\t\t\t<\/div>\n\t\t<\/div>\n\t\t\t\t\t<\/div>\n\t\t<\/section>\n\t\t\t\t<\/div>\n\t\t","protected":false},"excerpt":{"rendered":"<p>Datenschutzvereinbarung Datenschutzerkl\u00e4rung nach Art. 13 EU-DSGVO Wir freuen uns \u00fcber Ihr Interesse an gesunder Ern\u00e4hrung und an unserem Internetauftritt. Das Vertrauen aller Besucher und Kunden, die Sicherheit Ihrer Daten und der Schutz Ihrer Privatsph\u00e4re sind f\u00fcr uns von zentraler Bedeutung. Ihre personenbezogenen Daten werden von uns daher gem\u00e4\u00df den g\u00fcltigen gesetzlichen Datenschutzvorschriften und dieser Datenschutzerkl\u00e4rung [&hellip;]<\/p>\n","protected":false},"author":2,"featured_media":0,"parent":0,"menu_order":0,"comment_status":"closed","ping_status":"closed","template":"","meta":{"footnotes":""},"class_list":["post-1963","page","type-page","status-publish","hentry"],"yoast_head":"<!-- This site is optimized with the Yoast SEO plugin v27.5 - https:\/\/yoast.com\/product\/yoast-seo-wordpress\/ -->\n<title>Datenschutzbereinbarung - Bio\u00b4s F\u00e4hre<\/title>\n<meta name=\"robots\" content=\"noindex, follow, max-snippet:-1, max-image-preview:large, max-video-preview:-1\" \/>\n<meta property=\"og:locale\" content=\"de_DE\" \/>\n<meta property=\"og:type\" content=\"article\" \/>\n<meta property=\"og:title\" content=\"Datenschutzbereinbarung - Bio\u00b4s F\u00e4hre\" \/>\n<meta property=\"og:description\" content=\"Datenschutzvereinbarung Datenschutzerkl\u00e4rung nach Art. 13 EU-DSGVO Wir freuen uns \u00fcber Ihr Interesse an gesunder Ern\u00e4hrung und an unserem Internetauftritt. Das Vertrauen aller Besucher und Kunden, die Sicherheit Ihrer Daten und der Schutz Ihrer Privatsph\u00e4re sind f\u00fcr uns von zentraler Bedeutung. Ihre personenbezogenen Daten werden von uns daher gem\u00e4\u00df den g\u00fcltigen gesetzlichen Datenschutzvorschriften und dieser Datenschutzerkl\u00e4rung [&hellip;]\" \/>\n<meta property=\"og:url\" content=\"https:\/\/biosfaehre.de\/?page_id=1963\" \/>\n<meta property=\"og:site_name\" content=\"Bio\u00b4s F\u00e4hre\" \/>\n<meta property=\"article:modified_time\" content=\"2026-01-31T20:06:40+00:00\" \/>\n<meta name=\"twitter:card\" content=\"summary_large_image\" \/>\n<meta name=\"twitter:label1\" content=\"Gesch\u00e4tzte Lesezeit\" \/>\n\t<meta name=\"twitter:data1\" content=\"8\u00a0Minuten\" \/>\n<script type=\"application\/ld+json\" class=\"yoast-schema-graph\">{\"@context\":\"https:\\\/\\\/schema.org\",\"@graph\":[{\"@type\":\"WebPage\",\"@id\":\"https:\\\/\\\/biosfaehre.de\\\/?page_id=1963\",\"url\":\"https:\\\/\\\/biosfaehre.de\\\/?page_id=1963\",\"name\":\"Datenschutzbereinbarung - Bio\u00b4s F\u00e4hre\",\"isPartOf\":{\"@id\":\"https:\\\/\\\/biosfaehre.de\\\/#website\"},\"datePublished\":\"2026-01-31T20:04:03+00:00\",\"dateModified\":\"2026-01-31T20:06:40+00:00\",\"breadcrumb\":{\"@id\":\"https:\\\/\\\/biosfaehre.de\\\/?page_id=1963#breadcrumb\"},\"inLanguage\":\"de\",\"potentialAction\":[{\"@type\":\"ReadAction\",\"target\":[\"https:\\\/\\\/biosfaehre.de\\\/?page_id=1963\"]}]},{\"@type\":\"BreadcrumbList\",\"@id\":\"https:\\\/\\\/biosfaehre.de\\\/?page_id=1963#breadcrumb\",\"itemListElement\":[{\"@type\":\"ListItem\",\"position\":1,\"name\":\"Start\",\"item\":\"https:\\\/\\\/biosfaehre.de\\\/\"},{\"@type\":\"ListItem\",\"position\":2,\"name\":\"Datenschutzbereinbarung\"}]},{\"@type\":\"WebSite\",\"@id\":\"https:\\\/\\\/biosfaehre.de\\\/#website\",\"url\":\"https:\\\/\\\/biosfaehre.de\\\/\",\"name\":\"Bio\u00b4s F\u00e4hre\",\"description\":\"Ihr Bio Lieferdienst\",\"publisher\":{\"@id\":\"https:\\\/\\\/biosfaehre.de\\\/#organization\"},\"potentialAction\":[{\"@type\":\"SearchAction\",\"target\":{\"@type\":\"EntryPoint\",\"urlTemplate\":\"https:\\\/\\\/biosfaehre.de\\\/?s={search_term_string}\"},\"query-input\":{\"@type\":\"PropertyValueSpecification\",\"valueRequired\":true,\"valueName\":\"search_term_string\"}}],\"inLanguage\":\"de\"},{\"@type\":\"Organization\",\"@id\":\"https:\\\/\\\/biosfaehre.de\\\/#organization\",\"name\":\"Bio\u00b4s F\u00e4hre\",\"url\":\"https:\\\/\\\/biosfaehre.de\\\/\",\"logo\":{\"@type\":\"ImageObject\",\"inLanguage\":\"de\",\"@id\":\"https:\\\/\\\/biosfaehre.de\\\/#\\\/schema\\\/logo\\\/image\\\/\",\"url\":\"https:\\\/\\\/biosfaehre.de\\\/wp-content\\\/uploads\\\/2021\\\/12\\\/Biosfaehre_logo_1-Kopie-scaled.png\",\"contentUrl\":\"https:\\\/\\\/biosfaehre.de\\\/wp-content\\\/uploads\\\/2021\\\/12\\\/Biosfaehre_logo_1-Kopie-scaled.png\",\"width\":2560,\"height\":1001,\"caption\":\"Bio\u00b4s F\u00e4hre\"},\"image\":{\"@id\":\"https:\\\/\\\/biosfaehre.de\\\/#\\\/schema\\\/logo\\\/image\\\/\"},\"sameAs\":[\"https:\\\/\\\/www.instagram.com\\\/biosfaehre\\\/\"]}]}<\/script>\n<!-- \/ Yoast SEO plugin. -->","yoast_head_json":{"title":"Datenschutzbereinbarung - Bio\u00b4s F\u00e4hre","robots":{"index":"noindex","follow":"follow","max-snippet":"max-snippet:-1","max-image-preview":"max-image-preview:large","max-video-preview":"max-video-preview:-1"},"og_locale":"de_DE","og_type":"article","og_title":"Datenschutzbereinbarung - Bio\u00b4s F\u00e4hre","og_description":"Datenschutzvereinbarung Datenschutzerkl\u00e4rung nach Art. 13 EU-DSGVO Wir freuen uns \u00fcber Ihr Interesse an gesunder Ern\u00e4hrung und an unserem Internetauftritt. Das Vertrauen aller Besucher und Kunden, die Sicherheit Ihrer Daten und der Schutz Ihrer Privatsph\u00e4re sind f\u00fcr uns von zentraler Bedeutung. Ihre personenbezogenen Daten werden von uns daher gem\u00e4\u00df den g\u00fcltigen gesetzlichen Datenschutzvorschriften und dieser Datenschutzerkl\u00e4rung [&hellip;]","og_url":"https:\/\/biosfaehre.de\/?page_id=1963","og_site_name":"Bio\u00b4s F\u00e4hre","article_modified_time":"2026-01-31T20:06:40+00:00","twitter_card":"summary_large_image","twitter_misc":{"Gesch\u00e4tzte Lesezeit":"8\u00a0Minuten"},"schema":{"@context":"https:\/\/schema.org","@graph":[{"@type":"WebPage","@id":"https:\/\/biosfaehre.de\/?page_id=1963","url":"https:\/\/biosfaehre.de\/?page_id=1963","name":"Datenschutzbereinbarung - Bio\u00b4s F\u00e4hre","isPartOf":{"@id":"https:\/\/biosfaehre.de\/#website"},"datePublished":"2026-01-31T20:04:03+00:00","dateModified":"2026-01-31T20:06:40+00:00","breadcrumb":{"@id":"https:\/\/biosfaehre.de\/?page_id=1963#breadcrumb"},"inLanguage":"de","potentialAction":[{"@type":"ReadAction","target":["https:\/\/biosfaehre.de\/?page_id=1963"]}]},{"@type":"BreadcrumbList","@id":"https:\/\/biosfaehre.de\/?page_id=1963#breadcrumb","itemListElement":[{"@type":"ListItem","position":1,"name":"Start","item":"https:\/\/biosfaehre.de\/"},{"@type":"ListItem","position":2,"name":"Datenschutzbereinbarung"}]},{"@type":"WebSite","@id":"https:\/\/biosfaehre.de\/#website","url":"https:\/\/biosfaehre.de\/","name":"Bio\u00b4s F\u00e4hre","description":"Ihr Bio Lieferdienst","publisher":{"@id":"https:\/\/biosfaehre.de\/#organization"},"potentialAction":[{"@type":"SearchAction","target":{"@type":"EntryPoint","urlTemplate":"https:\/\/biosfaehre.de\/?s={search_term_string}"},"query-input":{"@type":"PropertyValueSpecification","valueRequired":true,"valueName":"search_term_string"}}],"inLanguage":"de"},{"@type":"Organization","@id":"https:\/\/biosfaehre.de\/#organization","name":"Bio\u00b4s F\u00e4hre","url":"https:\/\/biosfaehre.de\/","logo":{"@type":"ImageObject","inLanguage":"de","@id":"https:\/\/biosfaehre.de\/#\/schema\/logo\/image\/","url":"https:\/\/biosfaehre.de\/wp-content\/uploads\/2021\/12\/Biosfaehre_logo_1-Kopie-scaled.png","contentUrl":"https:\/\/biosfaehre.de\/wp-content\/uploads\/2021\/12\/Biosfaehre_logo_1-Kopie-scaled.png","width":2560,"height":1001,"caption":"Bio\u00b4s F\u00e4hre"},"image":{"@id":"https:\/\/biosfaehre.de\/#\/schema\/logo\/image\/"},"sameAs":["https:\/\/www.instagram.com\/biosfaehre\/"]}]}},"_links":{"self":[{"href":"https:\/\/biosfaehre.de\/index.php?rest_route=\/wp\/v2\/pages\/1963","targetHints":{"allow":["GET"]}}],"collection":[{"href":"https:\/\/biosfaehre.de\/index.php?rest_route=\/wp\/v2\/pages"}],"about":[{"href":"https:\/\/biosfaehre.de\/index.php?rest_route=\/wp\/v2\/types\/page"}],"author":[{"embeddable":true,"href":"https:\/\/biosfaehre.de\/index.php?rest_route=\/wp\/v2\/users\/2"}],"replies":[{"embeddable":true,"href":"https:\/\/biosfaehre.de\/index.php?rest_route=%2Fwp%2Fv2%2Fcomments&post=1963"}],"version-history":[{"count":10,"href":"https:\/\/biosfaehre.de\/index.php?rest_route=\/wp\/v2\/pages\/1963\/revisions"}],"predecessor-version":[{"id":1974,"href":"https:\/\/biosfaehre.de\/index.php?rest_route=\/wp\/v2\/pages\/1963\/revisions\/1974"}],"wp:attachment":[{"href":"https:\/\/biosfaehre.de\/index.php?rest_route=%2Fwp%2Fv2%2Fmedia&parent=1963"}],"curies":[{"name":"wp","href":"https:\/\/api.w.org\/{rel}","templated":true}]}}