{"id":1950,"date":"2026-01-31T20:18:53","date_gmt":"2026-01-31T19:18:53","guid":{"rendered":"https:\/\/biosfaehre.de\/?page_id=1950"},"modified":"2026-01-31T21:03:45","modified_gmt":"2026-01-31T20:03:45","slug":"impressum","status":"publish","type":"page","link":"https:\/\/biosfaehre.de\/?page_id=1950","title":{"rendered":"Impressum"},"content":{"rendered":"\t\t<div data-elementor-type=\"wp-page\" data-elementor-id=\"1950\" class=\"elementor elementor-1950\" data-elementor-post-type=\"page\">\n\t\t\t\t\t\t<section class=\"elementor-section elementor-top-section elementor-element elementor-element-491eaeb elementor-section-boxed elementor-section-height-default elementor-section-height-default\" data-id=\"491eaeb\" data-element_type=\"section\" data-e-type=\"section\">\n\t\t\t\t\t\t<div class=\"elementor-container elementor-column-gap-default\">\n\t\t\t\t\t<div class=\"elementor-column elementor-col-100 elementor-top-column elementor-element elementor-element-096c143\" data-id=\"096c143\" data-element_type=\"column\" data-e-type=\"column\">\n\t\t\t<div class=\"elementor-widget-wrap elementor-element-populated\">\n\t\t\t\t\t\t<div class=\"elementor-element elementor-element-b158c03 elementor-widget elementor-widget-heading\" data-id=\"b158c03\" data-element_type=\"widget\" data-e-type=\"widget\" data-widget_type=\"heading.default\">\n\t\t\t\t<div class=\"elementor-widget-container\">\n\t\t\t\t\t<h2 class=\"elementor-heading-title elementor-size-default\">Impressum<\/h2>\t\t\t\t<\/div>\n\t\t\t\t<\/div>\n\t\t\t\t<div class=\"elementor-element elementor-element-a85c533 elementor-widget elementor-widget-text-editor\" data-id=\"a85c533\" data-element_type=\"widget\" data-e-type=\"widget\" data-widget_type=\"text-editor.default\">\n\t\t\t\t<div class=\"elementor-widget-container\">\n\t\t\t\t\t\t\t\t\t<div class=\"page-content\"><h5><strong>Diese Webseite ist ein Angebot von:<\/strong><\/h5><p><strong>Bio\u00b4s F\u00e4hre GmbH<br \/><\/strong>Herzbergerstr. 1<br \/>04319 Leipzig<\/p><p>Tel.: 017675667828<br \/>Email:\u00a0anthony@biosfaehre.de<\/p><p>vertreten durch den Gesch\u00e4ftsf\u00fchrer: Anthony Isaak (Verantwortlich f\u00fcr = den Inhalt nach \u00a7 55 Abs. 2 RStV)<\/p><p>Registergericht: Amtsgericht Leipzig<br \/>Registernummer: HRB 39749<\/p><p>Steuernummer: 232\/106\/11460<\/p><p><strong>Hinweis auf EU-Streitschlichtung<\/strong><\/p><p>Beschwerdeverfahren via Online-Streitbeilegung f\u00fcr Verbraucher (OS):\u00a0http:\/\/ec.europa.eu\/consumers\/odr\/\u00a0. Wir sind nicht bereit und nicht verpflichtet an einem Streitbeilegungsverfa= hren vor einer Verbraucherschlichtungsstelle teilzunehmen.<\/p><p><strong>Haftungsausschluss (Disclaimer) und Datenschutz:<\/strong><\/p><p><strong>Haftung f\u00fcr Inhalte<\/strong><br \/>Als Diensteanbieter sind wir gem\u00e4\u00df \u00a7 7 Abs.1 TMG f\u00fcr eigene Inhalte auf die= sen Seiten nach den allgemeinen Gesetzen verantwortlich. Nach \u00a7\u00a7 8 bis 10 TMG s= ind wir als Diensteanbieter jedoch nicht verpflichtet, \u00fcbermittelte oder gespeicherte fremde Informationen zu \u00fcberwachen oder nach Umst\u00e4nden zu forschen, die auf eine rechtswidrige T\u00e4tigkeit hinweisen.<\/p><p>Verpflichtungen zur Entfernung oder Sperrung der Nutzung von Informatio= nen nach den allgemeinen Gesetzen bleiben hiervon unber\u00fchrt. Eine diesbez\u00fcgliche Haftung ist jedoch erst ab dem Zeitpunkt der Kenntnis einer konkreten Rechtsverletzung m\u00f6glich. Bei Bekanntwerden von entsprechenden Rechtsverletzungen werden wir diese Inhalte umgehend entfernen.<\/p><p><strong>Haftung f\u00fcr Links<\/strong><br \/>Unser Angebot enth\u00e4lt Links zu externen Webseiten Dritter, auf deren Inhalte wir keinen Einfluss haben. Deshalb k\u00f6nnen wir f\u00fcr diese fremden Inhalte auch keine Gew\u00e4hr \u00fcbernehmen. F\u00fcr die Inhalte der verlinkten Seiten ist stets der jeweilige Anbieter oder Betreiber der Seiten verantwortlich. Die verlinkten Seiten wurden zum Zeitpunkt der Verlinkung auf m\u00f6gliche Rechtsverst\u00f6\u00dfe \u00fcberpr\u00fcft. Rechtswidrige Inhalte waren zum Zeitpunkt der Verlinkung nicht erkennbar.<\/p><p>Eine permanente inhaltliche Kontrolle der verlinkten Seiten ist jedoch = ohne konkrete Anhaltspunkte einer Rechtsverletzung nicht zumutbar. Bei Bekanntwe= rden von Rechtsverletzungen werden wir derartige Links umgehend entfernen.<\/p><p><strong>Urheberrecht<\/strong><br \/>Die durch die Seitenbetreiber erstellten Inhalte und Werke auf diesen Seiten unterliegen dem deutschen Urheberrecht. Die Vervielf\u00e4ltigung, Bearbeitung, Verbreitung und jede Art der Verwertung au\u00dferhalb der Grenzen des Urheberre= chtes bed\u00fcrfen der schriftlichen Zustimmung des jeweiligen Autors bzw. Erstellers. Downloads und Kopien dieser Seite sind nur f\u00fcr den privaten, nicht kommerziellen Gebrauch gestattet.<\/p><p>Soweit die Inhalte auf dieser Seite nicht vom Betreiber erstellt wurden, werden die Urheberrechte Dritter beachtet. Insbesondere werden Inhalte Drit= ter als solche gekennzeichnet. Sollten Sie trotzdem auf eine Urheberrechtsverletzung aufmerksam werden, bitten wir um einen entsprechend= en Hinweis. Bei Bekanntwerden von Rechtsverletzungen werden wir derartige Inha= lte umgehend entfernen.<\/p><\/div>\t\t\t\t\t\t\t\t<\/div>\n\t\t\t\t<\/div>\n\t\t\t\t\t<\/div>\n\t\t<\/div>\n\t\t\t\t\t<\/div>\n\t\t<\/section>\n\t\t\t\t<\/div>\n\t\t","protected":false},"excerpt":{"rendered":"<p>Impressum Diese Webseite ist ein Angebot von: Bio\u00b4s F\u00e4hre GmbHHerzbergerstr. 104319 Leipzig Tel.: 017675667828Email:\u00a0anthony@biosfaehre.de vertreten durch den Gesch\u00e4ftsf\u00fchrer: Anthony Isaak (Verantwortlich f\u00fcr = den Inhalt nach \u00a7 55 Abs. 2 RStV) Registergericht: Amtsgericht LeipzigRegisternummer: HRB 39749 Steuernummer: 232\/106\/11460 Hinweis auf EU-Streitschlichtung Beschwerdeverfahren via Online-Streitbeilegung f\u00fcr Verbraucher (OS):\u00a0http:\/\/ec.europa.eu\/consumers\/odr\/\u00a0. Wir sind nicht bereit und nicht verpflichtet an [&hellip;]<\/p>\n","protected":false},"author":2,"featured_media":0,"parent":0,"menu_order":0,"comment_status":"closed","ping_status":"closed","template":"","meta":{"footnotes":""},"class_list":["post-1950","page","type-page","status-publish","hentry"],"yoast_head":"<!-- This site is optimized with the Yoast SEO plugin v27.5 - https:\/\/yoast.com\/product\/yoast-seo-wordpress\/ -->\n<title>Impressum - Bio\u00b4s F\u00e4hre<\/title>\n<meta name=\"robots\" content=\"noindex, follow, max-snippet:-1, max-image-preview:large, max-video-preview:-1\" \/>\n<meta property=\"og:locale\" content=\"de_DE\" \/>\n<meta property=\"og:type\" content=\"article\" \/>\n<meta property=\"og:title\" content=\"Impressum - Bio\u00b4s F\u00e4hre\" \/>\n<meta property=\"og:description\" content=\"Impressum Diese Webseite ist ein Angebot von: Bio\u00b4s F\u00e4hre GmbHHerzbergerstr. 104319 Leipzig Tel.: 017675667828Email:\u00a0anthony@biosfaehre.de vertreten durch den Gesch\u00e4ftsf\u00fchrer: Anthony Isaak (Verantwortlich f\u00fcr = den Inhalt nach \u00a7 55 Abs. 2 RStV) Registergericht: Amtsgericht LeipzigRegisternummer: HRB 39749 Steuernummer: 232\/106\/11460 Hinweis auf EU-Streitschlichtung Beschwerdeverfahren via Online-Streitbeilegung f\u00fcr Verbraucher (OS):\u00a0http:\/\/ec.europa.eu\/consumers\/odr\/\u00a0. Wir sind nicht bereit und nicht verpflichtet an [&hellip;]\" \/>\n<meta property=\"og:url\" content=\"https:\/\/biosfaehre.de\/?page_id=1950\" \/>\n<meta property=\"og:site_name\" content=\"Bio\u00b4s F\u00e4hre\" \/>\n<meta property=\"article:modified_time\" content=\"2026-01-31T20:03:45+00:00\" \/>\n<meta name=\"twitter:card\" content=\"summary_large_image\" \/>\n<meta name=\"twitter:label1\" content=\"Gesch\u00e4tzte Lesezeit\" \/>\n\t<meta name=\"twitter:data1\" content=\"2\u00a0Minuten\" \/>\n<script type=\"application\/ld+json\" class=\"yoast-schema-graph\">{\"@context\":\"https:\\\/\\\/schema.org\",\"@graph\":[{\"@type\":\"WebPage\",\"@id\":\"https:\\\/\\\/biosfaehre.de\\\/?page_id=1950\",\"url\":\"https:\\\/\\\/biosfaehre.de\\\/?page_id=1950\",\"name\":\"Impressum - Bio\u00b4s F\u00e4hre\",\"isPartOf\":{\"@id\":\"https:\\\/\\\/biosfaehre.de\\\/#website\"},\"datePublished\":\"2026-01-31T19:18:53+00:00\",\"dateModified\":\"2026-01-31T20:03:45+00:00\",\"breadcrumb\":{\"@id\":\"https:\\\/\\\/biosfaehre.de\\\/?page_id=1950#breadcrumb\"},\"inLanguage\":\"de\",\"potentialAction\":[{\"@type\":\"ReadAction\",\"target\":[\"https:\\\/\\\/biosfaehre.de\\\/?page_id=1950\"]}]},{\"@type\":\"BreadcrumbList\",\"@id\":\"https:\\\/\\\/biosfaehre.de\\\/?page_id=1950#breadcrumb\",\"itemListElement\":[{\"@type\":\"ListItem\",\"position\":1,\"name\":\"Start\",\"item\":\"https:\\\/\\\/biosfaehre.de\\\/\"},{\"@type\":\"ListItem\",\"position\":2,\"name\":\"Impressum\"}]},{\"@type\":\"WebSite\",\"@id\":\"https:\\\/\\\/biosfaehre.de\\\/#website\",\"url\":\"https:\\\/\\\/biosfaehre.de\\\/\",\"name\":\"Bio\u00b4s F\u00e4hre\",\"description\":\"Ihr Bio Lieferdienst\",\"publisher\":{\"@id\":\"https:\\\/\\\/biosfaehre.de\\\/#organization\"},\"potentialAction\":[{\"@type\":\"SearchAction\",\"target\":{\"@type\":\"EntryPoint\",\"urlTemplate\":\"https:\\\/\\\/biosfaehre.de\\\/?s={search_term_string}\"},\"query-input\":{\"@type\":\"PropertyValueSpecification\",\"valueRequired\":true,\"valueName\":\"search_term_string\"}}],\"inLanguage\":\"de\"},{\"@type\":\"Organization\",\"@id\":\"https:\\\/\\\/biosfaehre.de\\\/#organization\",\"name\":\"Bio\u00b4s F\u00e4hre\",\"url\":\"https:\\\/\\\/biosfaehre.de\\\/\",\"logo\":{\"@type\":\"ImageObject\",\"inLanguage\":\"de\",\"@id\":\"https:\\\/\\\/biosfaehre.de\\\/#\\\/schema\\\/logo\\\/image\\\/\",\"url\":\"https:\\\/\\\/biosfaehre.de\\\/wp-content\\\/uploads\\\/2021\\\/12\\\/Biosfaehre_logo_1-Kopie-scaled.png\",\"contentUrl\":\"https:\\\/\\\/biosfaehre.de\\\/wp-content\\\/uploads\\\/2021\\\/12\\\/Biosfaehre_logo_1-Kopie-scaled.png\",\"width\":2560,\"height\":1001,\"caption\":\"Bio\u00b4s F\u00e4hre\"},\"image\":{\"@id\":\"https:\\\/\\\/biosfaehre.de\\\/#\\\/schema\\\/logo\\\/image\\\/\"},\"sameAs\":[\"https:\\\/\\\/www.instagram.com\\\/biosfaehre\\\/\"]}]}<\/script>\n<!-- \/ Yoast SEO plugin. -->","yoast_head_json":{"title":"Impressum - Bio\u00b4s F\u00e4hre","robots":{"index":"noindex","follow":"follow","max-snippet":"max-snippet:-1","max-image-preview":"max-image-preview:large","max-video-preview":"max-video-preview:-1"},"og_locale":"de_DE","og_type":"article","og_title":"Impressum - Bio\u00b4s F\u00e4hre","og_description":"Impressum Diese Webseite ist ein Angebot von: Bio\u00b4s F\u00e4hre GmbHHerzbergerstr. 104319 Leipzig Tel.: 017675667828Email:\u00a0anthony@biosfaehre.de vertreten durch den Gesch\u00e4ftsf\u00fchrer: Anthony Isaak (Verantwortlich f\u00fcr = den Inhalt nach \u00a7 55 Abs. 2 RStV) Registergericht: Amtsgericht LeipzigRegisternummer: HRB 39749 Steuernummer: 232\/106\/11460 Hinweis auf EU-Streitschlichtung Beschwerdeverfahren via Online-Streitbeilegung f\u00fcr Verbraucher (OS):\u00a0http:\/\/ec.europa.eu\/consumers\/odr\/\u00a0. Wir sind nicht bereit und nicht verpflichtet an [&hellip;]","og_url":"https:\/\/biosfaehre.de\/?page_id=1950","og_site_name":"Bio\u00b4s F\u00e4hre","article_modified_time":"2026-01-31T20:03:45+00:00","twitter_card":"summary_large_image","twitter_misc":{"Gesch\u00e4tzte Lesezeit":"2\u00a0Minuten"},"schema":{"@context":"https:\/\/schema.org","@graph":[{"@type":"WebPage","@id":"https:\/\/biosfaehre.de\/?page_id=1950","url":"https:\/\/biosfaehre.de\/?page_id=1950","name":"Impressum - Bio\u00b4s F\u00e4hre","isPartOf":{"@id":"https:\/\/biosfaehre.de\/#website"},"datePublished":"2026-01-31T19:18:53+00:00","dateModified":"2026-01-31T20:03:45+00:00","breadcrumb":{"@id":"https:\/\/biosfaehre.de\/?page_id=1950#breadcrumb"},"inLanguage":"de","potentialAction":[{"@type":"ReadAction","target":["https:\/\/biosfaehre.de\/?page_id=1950"]}]},{"@type":"BreadcrumbList","@id":"https:\/\/biosfaehre.de\/?page_id=1950#breadcrumb","itemListElement":[{"@type":"ListItem","position":1,"name":"Start","item":"https:\/\/biosfaehre.de\/"},{"@type":"ListItem","position":2,"name":"Impressum"}]},{"@type":"WebSite","@id":"https:\/\/biosfaehre.de\/#website","url":"https:\/\/biosfaehre.de\/","name":"Bio\u00b4s F\u00e4hre","description":"Ihr Bio Lieferdienst","publisher":{"@id":"https:\/\/biosfaehre.de\/#organization"},"potentialAction":[{"@type":"SearchAction","target":{"@type":"EntryPoint","urlTemplate":"https:\/\/biosfaehre.de\/?s={search_term_string}"},"query-input":{"@type":"PropertyValueSpecification","valueRequired":true,"valueName":"search_term_string"}}],"inLanguage":"de"},{"@type":"Organization","@id":"https:\/\/biosfaehre.de\/#organization","name":"Bio\u00b4s F\u00e4hre","url":"https:\/\/biosfaehre.de\/","logo":{"@type":"ImageObject","inLanguage":"de","@id":"https:\/\/biosfaehre.de\/#\/schema\/logo\/image\/","url":"https:\/\/biosfaehre.de\/wp-content\/uploads\/2021\/12\/Biosfaehre_logo_1-Kopie-scaled.png","contentUrl":"https:\/\/biosfaehre.de\/wp-content\/uploads\/2021\/12\/Biosfaehre_logo_1-Kopie-scaled.png","width":2560,"height":1001,"caption":"Bio\u00b4s F\u00e4hre"},"image":{"@id":"https:\/\/biosfaehre.de\/#\/schema\/logo\/image\/"},"sameAs":["https:\/\/www.instagram.com\/biosfaehre\/"]}]}},"_links":{"self":[{"href":"https:\/\/biosfaehre.de\/index.php?rest_route=\/wp\/v2\/pages\/1950","targetHints":{"allow":["GET"]}}],"collection":[{"href":"https:\/\/biosfaehre.de\/index.php?rest_route=\/wp\/v2\/pages"}],"about":[{"href":"https:\/\/biosfaehre.de\/index.php?rest_route=\/wp\/v2\/types\/page"}],"author":[{"embeddable":true,"href":"https:\/\/biosfaehre.de\/index.php?rest_route=\/wp\/v2\/users\/2"}],"replies":[{"embeddable":true,"href":"https:\/\/biosfaehre.de\/index.php?rest_route=%2Fwp%2Fv2%2Fcomments&post=1950"}],"version-history":[{"count":10,"href":"https:\/\/biosfaehre.de\/index.php?rest_route=\/wp\/v2\/pages\/1950\/revisions"}],"predecessor-version":[{"id":1962,"href":"https:\/\/biosfaehre.de\/index.php?rest_route=\/wp\/v2\/pages\/1950\/revisions\/1962"}],"wp:attachment":[{"href":"https:\/\/biosfaehre.de\/index.php?rest_route=%2Fwp%2Fv2%2Fmedia&parent=1950"}],"curies":[{"name":"wp","href":"https:\/\/api.w.org\/{rel}","templated":true}]}}