{"id":1938,"date":"2026-01-31T20:04:08","date_gmt":"2026-01-31T19:04:08","guid":{"rendered":"https:\/\/biosfaehre.de\/?page_id=1938"},"modified":"2026-02-20T23:59:20","modified_gmt":"2026-02-20T22:59:20","slug":"kontakt","status":"publish","type":"page","link":"https:\/\/biosfaehre.de\/?page_id=1938","title":{"rendered":"Kontakt"},"content":{"rendered":"\t\t<div data-elementor-type=\"wp-page\" data-elementor-id=\"1938\" class=\"elementor elementor-1938\" data-elementor-post-type=\"page\">\n\t\t\t\t\t\t<section class=\"elementor-section elementor-top-section elementor-element elementor-element-7bbcd8d2 elementor-section-content-middle elementor-hidden-tablet elementor-hidden-mobile elementor-section-boxed elementor-section-height-default elementor-section-height-default\" data-id=\"7bbcd8d2\" data-element_type=\"section\" data-e-type=\"section\" data-settings=\"{&quot;background_background&quot;:&quot;classic&quot;}\">\n\t\t\t\t\t\t\t<div class=\"elementor-background-overlay\"><\/div>\n\t\t\t\t\t\t\t<div class=\"elementor-container elementor-column-gap-no\">\n\t\t\t\t\t<div class=\"elementor-column elementor-col-50 elementor-top-column elementor-element elementor-element-63d428c0\" data-id=\"63d428c0\" data-element_type=\"column\" data-e-type=\"column\">\n\t\t\t<div class=\"elementor-widget-wrap elementor-element-populated\">\n\t\t\t\t\t\t<div class=\"elementor-element elementor-element-1d93c106 elementor-widget__width-initial elementor-hidden-mobile elementor-hidden-tablet elementor-widget elementor-widget-image\" data-id=\"1d93c106\" data-element_type=\"widget\" data-e-type=\"widget\" data-widget_type=\"image.default\">\n\t\t\t\t<div class=\"elementor-widget-container\">\n\t\t\t\t\t\t\t\t\t\t\t\t\t\t\t<img fetchpriority=\"high\" decoding=\"async\" width=\"2560\" height=\"1416\" src=\"https:\/\/biosfaehre.de\/wp-content\/uploads\/2026\/01\/IMG_3752-1-scaled.jpg\" class=\"attachment-full size-full wp-image-1092\" alt=\"Gruppenbild Team\" srcset=\"https:\/\/biosfaehre.de\/wp-content\/uploads\/2026\/01\/IMG_3752-1-scaled.jpg 2560w, https:\/\/biosfaehre.de\/wp-content\/uploads\/2026\/01\/IMG_3752-1-300x166.jpg 300w, https:\/\/biosfaehre.de\/wp-content\/uploads\/2026\/01\/IMG_3752-1-1024x567.jpg 1024w, https:\/\/biosfaehre.de\/wp-content\/uploads\/2026\/01\/IMG_3752-1-768x425.jpg 768w, https:\/\/biosfaehre.de\/wp-content\/uploads\/2026\/01\/IMG_3752-1-1536x850.jpg 1536w, https:\/\/biosfaehre.de\/wp-content\/uploads\/2026\/01\/IMG_3752-1-2048x1133.jpg 2048w\" sizes=\"(max-width: 2560px) 100vw, 2560px\" \/>\t\t\t\t\t\t\t\t\t\t\t\t\t\t\t<\/div>\n\t\t\t\t<\/div>\n\t\t\t\t\t<\/div>\n\t\t<\/div>\n\t\t\t\t<div class=\"elementor-column elementor-col-50 elementor-top-column elementor-element elementor-element-61e8b1a7\" data-id=\"61e8b1a7\" data-element_type=\"column\" data-e-type=\"column\" data-settings=\"{&quot;background_background&quot;:&quot;classic&quot;}\">\n\t\t\t<div class=\"elementor-widget-wrap elementor-element-populated\">\n\t\t\t\t\t\t<div class=\"elementor-element elementor-element-7b084e37 elementor-widget elementor-widget-heading\" data-id=\"7b084e37\" data-element_type=\"widget\" data-e-type=\"widget\" data-widget_type=\"heading.default\">\n\t\t\t\t<div class=\"elementor-widget-container\">\n\t\t\t\t\t<h4 class=\"elementor-heading-title elementor-size-default\">Was uns ausmacht<\/h4>\t\t\t\t<\/div>\n\t\t\t\t<\/div>\n\t\t\t\t<div class=\"elementor-element elementor-element-7663f7f6 elementor-widget elementor-widget-text-editor\" data-id=\"7663f7f6\" data-element_type=\"widget\" data-e-type=\"widget\" data-widget_type=\"text-editor.default\">\n\t\t\t\t<div class=\"elementor-widget-container\">\n\t\t\t\t\t\t\t\t\t<p>Wir machen&#8217;s m\u00f6glich! Wir haben eine klare Ausrichtung auf Ihre Bed\u00fcrfnisse. Keine Vertragslaufzeiten oder Mindestbestellmengen. Wir liefern an Klein und Gro\u00df, egal ob viel oder wenig! Treten Sie einfach mit uns in Kontakt und wir entwickeln gemeinsam ein Konzept f\u00fcr Ihre Lebensmittelversorgung.<\/p>\t\t\t\t\t\t\t\t<\/div>\n\t\t\t\t<\/div>\n\t\t\t\t<div class=\"elementor-element elementor-element-34f31bb1 elementor-widget elementor-widget-button\" data-id=\"34f31bb1\" data-element_type=\"widget\" data-e-type=\"widget\" data-widget_type=\"button.default\">\n\t\t\t\t<div class=\"elementor-widget-container\">\n\t\t\t\t\t\t\t\t\t<div class=\"elementor-button-wrapper\">\n\t\t\t\t\t<a class=\"elementor-button elementor-button-link elementor-size-sm\" href=\"tel:017675667828\">\n\t\t\t\t\t\t<span class=\"elementor-button-content-wrapper\">\n\t\t\t\t\t\t\t\t\t<span class=\"elementor-button-text\">Rufen Sie uns an! 0176 75667828<\/span>\n\t\t\t\t\t<\/span>\n\t\t\t\t\t<\/a>\n\t\t\t\t<\/div>\n\t\t\t\t\t\t\t\t<\/div>\n\t\t\t\t<\/div>\n\t\t\t\t\t<\/div>\n\t\t<\/div>\n\t\t\t\t\t<\/div>\n\t\t<\/section>\n\t\t\t\t<\/div>\n\t\t","protected":false},"excerpt":{"rendered":"<p>Was uns ausmacht Wir machen&#8217;s m\u00f6glich! Wir haben eine klare Ausrichtung auf Ihre Bed\u00fcrfnisse. Keine Vertragslaufzeiten oder Mindestbestellmengen. Wir liefern an Klein und Gro\u00df, egal ob viel oder wenig! Treten Sie einfach mit uns in Kontakt und wir entwickeln gemeinsam ein Konzept f\u00fcr Ihre Lebensmittelversorgung. Rufen Sie uns an! 0176 75667828<\/p>\n","protected":false},"author":2,"featured_media":0,"parent":0,"menu_order":0,"comment_status":"closed","ping_status":"closed","template":"","meta":{"footnotes":""},"class_list":["post-1938","page","type-page","status-publish","hentry"],"yoast_head":"<!-- This site is optimized with the Yoast SEO plugin v27.5 - https:\/\/yoast.com\/product\/yoast-seo-wordpress\/ -->\n<title>Kontakt - Bio\u00b4s F\u00e4hre<\/title>\n<meta name=\"robots\" content=\"noindex, follow, max-snippet:-1, max-image-preview:large, max-video-preview:-1\" \/>\n<meta property=\"og:locale\" content=\"de_DE\" \/>\n<meta property=\"og:type\" content=\"article\" \/>\n<meta property=\"og:title\" content=\"Kontakt - Bio\u00b4s F\u00e4hre\" \/>\n<meta property=\"og:description\" content=\"Was uns ausmacht Wir machen&#8217;s m\u00f6glich! Wir haben eine klare Ausrichtung auf Ihre Bed\u00fcrfnisse. Keine Vertragslaufzeiten oder Mindestbestellmengen. Wir liefern an Klein und Gro\u00df, egal ob viel oder wenig! Treten Sie einfach mit uns in Kontakt und wir entwickeln gemeinsam ein Konzept f\u00fcr Ihre Lebensmittelversorgung. Rufen Sie uns an! 0176 75667828\" \/>\n<meta property=\"og:url\" content=\"https:\/\/biosfaehre.de\/?page_id=1938\" \/>\n<meta property=\"og:site_name\" content=\"Bio\u00b4s F\u00e4hre\" \/>\n<meta property=\"article:modified_time\" content=\"2026-02-20T22:59:20+00:00\" \/>\n<meta property=\"og:image\" content=\"https:\/\/biosfaehre.de\/wp-content\/uploads\/2026\/01\/IMG_3752-1-scaled.jpg\" \/>\n<meta name=\"twitter:card\" content=\"summary_large_image\" \/>\n<script type=\"application\/ld+json\" class=\"yoast-schema-graph\">{\"@context\":\"https:\\\/\\\/schema.org\",\"@graph\":[{\"@type\":\"WebPage\",\"@id\":\"https:\\\/\\\/biosfaehre.de\\\/?page_id=1938\",\"url\":\"https:\\\/\\\/biosfaehre.de\\\/?page_id=1938\",\"name\":\"Kontakt - Bio\u00b4s F\u00e4hre\",\"isPartOf\":{\"@id\":\"https:\\\/\\\/biosfaehre.de\\\/#website\"},\"primaryImageOfPage\":{\"@id\":\"https:\\\/\\\/biosfaehre.de\\\/?page_id=1938#primaryimage\"},\"image\":{\"@id\":\"https:\\\/\\\/biosfaehre.de\\\/?page_id=1938#primaryimage\"},\"thumbnailUrl\":\"https:\\\/\\\/biosfaehre.de\\\/wp-content\\\/uploads\\\/2026\\\/01\\\/IMG_3752-1-scaled.jpg\",\"datePublished\":\"2026-01-31T19:04:08+00:00\",\"dateModified\":\"2026-02-20T22:59:20+00:00\",\"breadcrumb\":{\"@id\":\"https:\\\/\\\/biosfaehre.de\\\/?page_id=1938#breadcrumb\"},\"inLanguage\":\"de\",\"potentialAction\":[{\"@type\":\"ReadAction\",\"target\":[\"https:\\\/\\\/biosfaehre.de\\\/?page_id=1938\"]}]},{\"@type\":\"ImageObject\",\"inLanguage\":\"de\",\"@id\":\"https:\\\/\\\/biosfaehre.de\\\/?page_id=1938#primaryimage\",\"url\":\"https:\\\/\\\/biosfaehre.de\\\/wp-content\\\/uploads\\\/2026\\\/01\\\/IMG_3752-1-scaled.jpg\",\"contentUrl\":\"https:\\\/\\\/biosfaehre.de\\\/wp-content\\\/uploads\\\/2026\\\/01\\\/IMG_3752-1-scaled.jpg\",\"width\":2560,\"height\":1416,\"caption\":\"Gruppenbild Team\"},{\"@type\":\"BreadcrumbList\",\"@id\":\"https:\\\/\\\/biosfaehre.de\\\/?page_id=1938#breadcrumb\",\"itemListElement\":[{\"@type\":\"ListItem\",\"position\":1,\"name\":\"Start\",\"item\":\"https:\\\/\\\/biosfaehre.de\\\/\"},{\"@type\":\"ListItem\",\"position\":2,\"name\":\"Kontakt\"}]},{\"@type\":\"WebSite\",\"@id\":\"https:\\\/\\\/biosfaehre.de\\\/#website\",\"url\":\"https:\\\/\\\/biosfaehre.de\\\/\",\"name\":\"Bio\u00b4s F\u00e4hre\",\"description\":\"Ihr Bio Lieferdienst\",\"publisher\":{\"@id\":\"https:\\\/\\\/biosfaehre.de\\\/#organization\"},\"potentialAction\":[{\"@type\":\"SearchAction\",\"target\":{\"@type\":\"EntryPoint\",\"urlTemplate\":\"https:\\\/\\\/biosfaehre.de\\\/?s={search_term_string}\"},\"query-input\":{\"@type\":\"PropertyValueSpecification\",\"valueRequired\":true,\"valueName\":\"search_term_string\"}}],\"inLanguage\":\"de\"},{\"@type\":\"Organization\",\"@id\":\"https:\\\/\\\/biosfaehre.de\\\/#organization\",\"name\":\"Bio\u00b4s F\u00e4hre\",\"url\":\"https:\\\/\\\/biosfaehre.de\\\/\",\"logo\":{\"@type\":\"ImageObject\",\"inLanguage\":\"de\",\"@id\":\"https:\\\/\\\/biosfaehre.de\\\/#\\\/schema\\\/logo\\\/image\\\/\",\"url\":\"https:\\\/\\\/biosfaehre.de\\\/wp-content\\\/uploads\\\/2021\\\/12\\\/Biosfaehre_logo_1-Kopie-scaled.png\",\"contentUrl\":\"https:\\\/\\\/biosfaehre.de\\\/wp-content\\\/uploads\\\/2021\\\/12\\\/Biosfaehre_logo_1-Kopie-scaled.png\",\"width\":2560,\"height\":1001,\"caption\":\"Bio\u00b4s F\u00e4hre\"},\"image\":{\"@id\":\"https:\\\/\\\/biosfaehre.de\\\/#\\\/schema\\\/logo\\\/image\\\/\"},\"sameAs\":[\"https:\\\/\\\/www.instagram.com\\\/biosfaehre\\\/\"]}]}<\/script>\n<!-- \/ Yoast SEO plugin. -->","yoast_head_json":{"title":"Kontakt - Bio\u00b4s F\u00e4hre","robots":{"index":"noindex","follow":"follow","max-snippet":"max-snippet:-1","max-image-preview":"max-image-preview:large","max-video-preview":"max-video-preview:-1"},"og_locale":"de_DE","og_type":"article","og_title":"Kontakt - Bio\u00b4s F\u00e4hre","og_description":"Was uns ausmacht Wir machen&#8217;s m\u00f6glich! Wir haben eine klare Ausrichtung auf Ihre Bed\u00fcrfnisse. Keine Vertragslaufzeiten oder Mindestbestellmengen. Wir liefern an Klein und Gro\u00df, egal ob viel oder wenig! Treten Sie einfach mit uns in Kontakt und wir entwickeln gemeinsam ein Konzept f\u00fcr Ihre Lebensmittelversorgung. Rufen Sie uns an! 0176 75667828","og_url":"https:\/\/biosfaehre.de\/?page_id=1938","og_site_name":"Bio\u00b4s F\u00e4hre","article_modified_time":"2026-02-20T22:59:20+00:00","og_image":[{"url":"https:\/\/biosfaehre.de\/wp-content\/uploads\/2026\/01\/IMG_3752-1-scaled.jpg","type":"","width":"","height":""}],"twitter_card":"summary_large_image","schema":{"@context":"https:\/\/schema.org","@graph":[{"@type":"WebPage","@id":"https:\/\/biosfaehre.de\/?page_id=1938","url":"https:\/\/biosfaehre.de\/?page_id=1938","name":"Kontakt - Bio\u00b4s F\u00e4hre","isPartOf":{"@id":"https:\/\/biosfaehre.de\/#website"},"primaryImageOfPage":{"@id":"https:\/\/biosfaehre.de\/?page_id=1938#primaryimage"},"image":{"@id":"https:\/\/biosfaehre.de\/?page_id=1938#primaryimage"},"thumbnailUrl":"https:\/\/biosfaehre.de\/wp-content\/uploads\/2026\/01\/IMG_3752-1-scaled.jpg","datePublished":"2026-01-31T19:04:08+00:00","dateModified":"2026-02-20T22:59:20+00:00","breadcrumb":{"@id":"https:\/\/biosfaehre.de\/?page_id=1938#breadcrumb"},"inLanguage":"de","potentialAction":[{"@type":"ReadAction","target":["https:\/\/biosfaehre.de\/?page_id=1938"]}]},{"@type":"ImageObject","inLanguage":"de","@id":"https:\/\/biosfaehre.de\/?page_id=1938#primaryimage","url":"https:\/\/biosfaehre.de\/wp-content\/uploads\/2026\/01\/IMG_3752-1-scaled.jpg","contentUrl":"https:\/\/biosfaehre.de\/wp-content\/uploads\/2026\/01\/IMG_3752-1-scaled.jpg","width":2560,"height":1416,"caption":"Gruppenbild Team"},{"@type":"BreadcrumbList","@id":"https:\/\/biosfaehre.de\/?page_id=1938#breadcrumb","itemListElement":[{"@type":"ListItem","position":1,"name":"Start","item":"https:\/\/biosfaehre.de\/"},{"@type":"ListItem","position":2,"name":"Kontakt"}]},{"@type":"WebSite","@id":"https:\/\/biosfaehre.de\/#website","url":"https:\/\/biosfaehre.de\/","name":"Bio\u00b4s F\u00e4hre","description":"Ihr Bio Lieferdienst","publisher":{"@id":"https:\/\/biosfaehre.de\/#organization"},"potentialAction":[{"@type":"SearchAction","target":{"@type":"EntryPoint","urlTemplate":"https:\/\/biosfaehre.de\/?s={search_term_string}"},"query-input":{"@type":"PropertyValueSpecification","valueRequired":true,"valueName":"search_term_string"}}],"inLanguage":"de"},{"@type":"Organization","@id":"https:\/\/biosfaehre.de\/#organization","name":"Bio\u00b4s F\u00e4hre","url":"https:\/\/biosfaehre.de\/","logo":{"@type":"ImageObject","inLanguage":"de","@id":"https:\/\/biosfaehre.de\/#\/schema\/logo\/image\/","url":"https:\/\/biosfaehre.de\/wp-content\/uploads\/2021\/12\/Biosfaehre_logo_1-Kopie-scaled.png","contentUrl":"https:\/\/biosfaehre.de\/wp-content\/uploads\/2021\/12\/Biosfaehre_logo_1-Kopie-scaled.png","width":2560,"height":1001,"caption":"Bio\u00b4s F\u00e4hre"},"image":{"@id":"https:\/\/biosfaehre.de\/#\/schema\/logo\/image\/"},"sameAs":["https:\/\/www.instagram.com\/biosfaehre\/"]}]}},"_links":{"self":[{"href":"https:\/\/biosfaehre.de\/index.php?rest_route=\/wp\/v2\/pages\/1938","targetHints":{"allow":["GET"]}}],"collection":[{"href":"https:\/\/biosfaehre.de\/index.php?rest_route=\/wp\/v2\/pages"}],"about":[{"href":"https:\/\/biosfaehre.de\/index.php?rest_route=\/wp\/v2\/types\/page"}],"author":[{"embeddable":true,"href":"https:\/\/biosfaehre.de\/index.php?rest_route=\/wp\/v2\/users\/2"}],"replies":[{"embeddable":true,"href":"https:\/\/biosfaehre.de\/index.php?rest_route=%2Fwp%2Fv2%2Fcomments&post=1938"}],"version-history":[{"count":19,"href":"https:\/\/biosfaehre.de\/index.php?rest_route=\/wp\/v2\/pages\/1938\/revisions"}],"predecessor-version":[{"id":2443,"href":"https:\/\/biosfaehre.de\/index.php?rest_route=\/wp\/v2\/pages\/1938\/revisions\/2443"}],"wp:attachment":[{"href":"https:\/\/biosfaehre.de\/index.php?rest_route=%2Fwp%2Fv2%2Fmedia&parent=1938"}],"curies":[{"name":"wp","href":"https:\/\/api.w.org\/{rel}","templated":true}]}}